{"id":21,"date":"2026-01-11T17:50:32","date_gmt":"2026-01-11T16:50:32","guid":{"rendered":"https:\/\/schonberg.pl\/uslugi\/"},"modified":"2026-01-11T18:00:47","modified_gmt":"2026-01-11T17:00:47","slug":"uslugi","status":"publish","type":"page","link":"https:\/\/schonberg.pl\/en\/uslugi\/","title":{"rendered":"Us\u0142ugi"},"content":{"rendered":"<div class=\"wp-block-group alignfull is-style-ext-preset--group--natural-1--section has-background-background-color has-background has-global-padding is-layout-constrained wp-container-core-group-is-layout-e955bbaf wp-block-group-is-layout-constrained\" id=\"uslugi\" style=\"margin-top:0;margin-bottom:0;padding-top:var(--wp--preset--spacing--70);padding-bottom:var(--wp--preset--spacing--70)\">\n<div class=\"wp-block-group alignwide is-vertical is-layout-flex wp-container-core-group-is-layout-c35747d5 wp-block-group-is-layout-flex\">\n<div class=\"wp-block-group has-global-padding is-layout-constrained wp-container-core-group-is-layout-5e05634a wp-block-group-is-layout-constrained\">\n<h2 class=\"wp-block-heading\">Odkryj wyj\u0105tkowe apartamenty nad jeziorem Szymbarskim<\/h2>\n\n\n\n<p class=\"has-text-align-left\">Prezentujemy szerok\u0105 gam\u0119 us\u0142ug, kt\u00f3re gwarantuj\u0105 komfort i pe\u0142ne zadowolenie go\u015bci.<\/p>\n<\/div>\n<\/div>\n\n\n\n<div class=\"wp-block-columns alignwide is-layout-flex wp-container-core-columns-is-layout-174606dc wp-block-columns-is-layout-flex\">\n<div class=\"wp-block-column is-vertically-aligned-stretch is-layout-flow wp-container-core-column-is-layout-119bc444 wp-block-column-is-layout-flow\">\n<div class=\"wp-block-cover is-style-ext-preset--image--natural-1--image-1--content-right is-style-ext-preset--image--natural-1--image-1--content-right--2\" style=\"padding-top:0;padding-bottom:0;min-height:100%;aspect-ratio:unset;\"><img loading=\"lazy\" decoding=\"async\" width=\"959\" height=\"1440\" class=\"wp-block-cover__image-background wp-image-56\" alt=\"\" src=\"https:\/\/schonberg.pl\/wp-content\/uploads\/2026\/01\/3f01e14f35bd18d9beaac3014cf189ef299c216b.jpg\" data-object-fit=\"cover\" srcset=\"https:\/\/schonberg.pl\/wp-content\/uploads\/2026\/01\/3f01e14f35bd18d9beaac3014cf189ef299c216b.jpg 959w, https:\/\/schonberg.pl\/wp-content\/uploads\/2026\/01\/3f01e14f35bd18d9beaac3014cf189ef299c216b-200x300.jpg 200w, https:\/\/schonberg.pl\/wp-content\/uploads\/2026\/01\/3f01e14f35bd18d9beaac3014cf189ef299c216b-682x1024.jpg 682w, https:\/\/schonberg.pl\/wp-content\/uploads\/2026\/01\/3f01e14f35bd18d9beaac3014cf189ef299c216b-768x1153.jpg 768w, https:\/\/schonberg.pl\/wp-content\/uploads\/2026\/01\/3f01e14f35bd18d9beaac3014cf189ef299c216b-8x12.jpg 8w\" sizes=\"auto, (max-width: 959px) 100vw, 959px\" \/><span aria-hidden=\"true\" class=\"wp-block-cover__background has-background-dim-0 has-background-dim\"><\/span><div class=\"wp-block-cover__inner-container is-layout-flow wp-block-cover-is-layout-flow\">\n<div style=\"height:240px\" aria-hidden=\"true\" class=\"wp-block-spacer\"><\/div>\n<\/div><\/div>\n<\/div>\n\n\n\n<div class=\"wp-block-column is-vertically-aligned-center is-layout-flow wp-block-column-is-layout-flow\">\n<div class=\"wp-block-group is-style-ext-preset--group--natural-1--item-card-1--align-start has-global-padding is-layout-constrained wp-block-group-is-layout-constrained is-style-ext-preset--group--natural-1--item-card-1--align-start--3\">\n<div class=\"wp-block-group is-style-default has-global-padding is-layout-constrained wp-block-group-is-layout-constrained\">\n<div class=\"wp-block-group is-nowrap is-layout-flex wp-container-core-group-is-layout-64fa2afa wp-block-group-is-layout-flex\" style=\"padding-top:0;padding-right:0;padding-bottom:0;padding-left:0\">\n<figure class=\"wp-block-image size-large ext-aspect-landscape wp-duotone-primary-foreground\"><img decoding=\"async\" src=\"data:image\/svg+xml;base64,PHN2ZyB4bWxucz0iaHR0cDovL3d3dy53My5vcmcvMjAwMC9zdmciIHdpZHRoPSI0OCIgaGVpZ2h0PSI0OCIgZmlsbD0iIzAwMDAwMCIgdmlld0JveD0iMCAwIDI1NiAyNTYiPjxwYXRoIGQ9Ik0xNzIsNzZhNDQsNDQsMCwxLDAtNDQsNDRBNDQuMDUsNDQuMDUsMCwwLDAsMTcyLDc2Wm0tNDQsMjhhMjgsMjgsMCwxLDEsMjgtMjhBMjgsMjgsMCwwLDEsMTI4LDEwNFptNjAsMjRhNDQsNDQsMCwxLDAsNDQsNDRBNDQuMDUsNDQuMDUsMCwwLDAsMTg4LDEyOFptMCw3MmEyOCwyOCwwLDEsMSwyOC0yOEEyOCwyOCwwLDAsMSwxODgsMjAwWk02OCwxMjhhNDQsNDQsMCwxLDAsNDQsNDRBNDQuMDUsNDQuMDUsMCwwLDAsNjgsMTI4Wm0wLDcyYTI4LDI4LDAsMSwxLDI4LTI4QTI4LDI4LDAsMCwxLDY4LDIwMFoiPjwvcGF0aD48L3N2Zz4=\" alt=\"\" style=\"object-fit:cover\"\/><\/figure>\n\n\n\n<div class=\"wp-block-group wp-container-content-958eb9dc has-global-padding is-layout-constrained wp-container-core-group-is-layout-c06d165c wp-block-group-is-layout-constrained\" style=\"padding-top:0;padding-right:0;padding-bottom:0;padding-left:0\">\n<h3 class=\"wp-block-heading\">Komfortowe apartamenty z \u0142azienkami<\/h3>\n\n\n\n<p>Zapewniamy przestrze\u0144 i wygod\u0119, idealne na rodzinny wypoczynek lub romantyczny weekend.<\/p>\n<\/div>\n<\/div>\n<\/div>\n<\/div>\n\n\n\n<div class=\"wp-block-group is-style-ext-preset--group--natural-1--item-card-1--align-start has-global-padding is-layout-constrained wp-block-group-is-layout-constrained is-style-ext-preset--group--natural-1--item-card-1--align-start--4\">\n<div class=\"wp-block-group is-style-default has-global-padding is-layout-constrained wp-block-group-is-layout-constrained\">\n<div class=\"wp-block-group is-nowrap is-layout-flex wp-container-core-group-is-layout-64fa2afa wp-block-group-is-layout-flex\" style=\"padding-top:0;padding-right:0;padding-bottom:0;padding-left:0\">\n<figure class=\"wp-block-image size-large ext-aspect-landscape wp-duotone-primary-foreground\"><img decoding=\"async\" src=\"data:image\/svg+xml;base64,PHN2ZyB4bWxucz0iaHR0cDovL3d3dy53My5vcmcvMjAwMC9zdmciIHdpZHRoPSI0OCIgaGVpZ2h0PSI0OCIgZmlsbD0iIzAwMDAwMCIgdmlld0JveD0iMCAwIDI1NiAyNTYiPjxwYXRoIGQ9Ik04MCw0MGE0MCw0MCwwLDEsMCw0MCw0MEE0MCw0MCwwLDAsMCw4MCw0MFptMCw2NGEyNCwyNCwwLDEsMSwyNC0yNEEyNCwyNCwwLDAsMSw4MCwxMDRabTk2LDE2YTQwLDQwLDAsMSwwLTQwLTQwQTQwLDQwLDAsMCwwLDE3NiwxMjBabTAtNjRhMjQsMjQsMCwxLDEtMjQsMjRBMjQsMjQsMCwwLDEsMTc2LDU2Wk04MCwxMzZhNDAsNDAsMCwxLDAsNDAsNDBBNDAsNDAsMCwwLDAsODAsMTM2Wm0wLDY0YTI0LDI0LDAsMSwxLDI0LTI0QTI0LDI0LDAsMCwxLDgwLDIwMFptOTYtNjRhNDAsNDAsMCwxLDAsNDAsNDBBNDAsNDAsMCwwLDAsMTc2LDEzNlptMCw2NGEyNCwyNCwwLDEsMSwyNC0yNEEyNCwyNCwwLDAsMSwxNzYsMjAwWiI+PC9wYXRoPjwvc3ZnPg==\" alt=\"\" style=\"object-fit:cover\"\/><\/figure>\n\n\n\n<div class=\"wp-block-group wp-container-content-958eb9dc has-global-padding is-layout-constrained wp-container-core-group-is-layout-c06d165c wp-block-group-is-layout-constrained\" style=\"padding-top:0;padding-right:0;padding-bottom:0;padding-left:0\">\n<h3 class=\"wp-block-heading\">Dost\u0119p do jeziora i prywatnego pomostu<\/h3>\n\n\n\n<p>Oferujemy bezpo\u015bredni dost\u0119p do wody, by ka\u017cdy m\u00f3g\u0142 cieszy\u0107 si\u0119 urokami jeziora.<\/p>\n<\/div>\n<\/div>\n<\/div>\n<\/div>\n\n\n\n<div class=\"wp-block-group is-style-ext-preset--group--natural-1--item-card-1--align-start has-global-padding is-layout-constrained wp-block-group-is-layout-constrained is-style-ext-preset--group--natural-1--item-card-1--align-start--5\">\n<div class=\"wp-block-group is-style-default has-global-padding is-layout-constrained wp-block-group-is-layout-constrained\">\n<div class=\"wp-block-group is-nowrap is-layout-flex wp-container-core-group-is-layout-64fa2afa wp-block-group-is-layout-flex\" style=\"padding-top:0;padding-right:0;padding-bottom:0;padding-left:0\">\n<figure class=\"wp-block-image size-large ext-aspect-landscape wp-duotone-primary-foreground\"><img decoding=\"async\" src=\"data:image\/svg+xml;base64,PHN2ZyB4bWxucz0iaHR0cDovL3d3dy53My5vcmcvMjAwMC9zdmciIHdpZHRoPSI0OCIgaGVpZ2h0PSI0OCIgZmlsbD0iIzAwMDAwMCIgdmlld0JveD0iMCAwIDI1NiAyNTYiPjxwYXRoIGQ9Ik04MCw0MGE0MCw0MCwwLDEsMCw0MCw0MEE0MCw0MCwwLDAsMCw4MCw0MFptMCw2NGEyNCwyNCwwLDEsMSwyNC0yNEEyNCwyNCwwLDAsMSw4MCwxMDRabTk2LDE2YTQwLDQwLDAsMSwwLTQwLTQwQTQwLDQwLDAsMCwwLDE3NiwxMjBabTAtNjRhMjQsMjQsMCwxLDEtMjQsMjRBMjQsMjQsMCwwLDEsMTc2LDU2Wk04MCwxMzZhNDAsNDAsMCwxLDAsNDAsNDBBNDAsNDAsMCwwLDAsODAsMTM2Wm0wLDY0YTI0LDI0LDAsMSwxLDI0LTI0QTI0LDI0LDAsMCwxLDgwLDIwMFptMTM2LTI0YTgsOCwwLDAsMS04LDhIMTg0djI0YTgsOCwwLDAsMS0xNiwwVjE4NEgxNDRhOCw4LDAsMCwxLDAtMTZoMjRWMTQ0YTgsOCwwLDAsMSwxNiwwdjI0aDI0QTgsOCwwLDAsMSwyMTYsMTc2WiI+PC9wYXRoPjwvc3ZnPg==\" alt=\"\" style=\"object-fit:cover\"\/><\/figure>\n\n\n\n<div class=\"wp-block-group wp-container-content-958eb9dc has-global-padding is-layout-constrained wp-container-core-group-is-layout-c06d165c wp-block-group-is-layout-constrained\" style=\"padding-top:0;padding-right:0;padding-bottom:0;padding-left:0\">\n<h3 class=\"wp-block-heading\">Rezerwacja online i elastyczne terminy<\/h3>\n\n\n\n<p>Umo\u017cliwiamy \u0142atwe i szybkie rezerwacje z mo\u017cliwo\u015bci\u0105 dopasowania pobytu do Twoich plan\u00f3w.<\/p>\n<\/div>\n<\/div>\n<\/div>\n<\/div>\n<\/div>\n<\/div>\n<\/div>\n\n<div class=\"wp-block-group alignfull is-style-ext-preset--group--natural-1--section has-tertiary-background-color has-background has-global-padding is-layout-constrained wp-container-core-group-is-layout-ab56ae29 wp-block-group-is-layout-constrained\" id=\"zarezerwuj-teraz\" style=\"margin-top:0;margin-bottom:0;padding-top:var(--wp--preset--spacing--70);padding-bottom:var(--wp--preset--spacing--70)\">\n<div class=\"wp-block-group alignwide is-vertical is-content-justification-center is-layout-flex wp-container-core-group-is-layout-c9ee0c5a wp-block-group-is-layout-flex\">\n<div class=\"wp-block-group has-global-padding is-layout-constrained wp-container-core-group-is-layout-dd32767c wp-block-group-is-layout-constrained\">\n<h2 class=\"wp-block-heading has-text-align-center\">Go\u015bciniec Schonberg \u2013 komfort i spok\u00f3j nad jeziorem<\/h2>\n\n\n\n<p class=\"has-text-align-center\">Zarezerwuj komfortowy apartament nad jeziorem Szymbarskim \u2013 szybki i prosty proces rezerwacji online.<\/p>\n<\/div>\n<\/div>\n\n\n\n<div class=\"wp-block-group alignwide has-global-padding is-layout-constrained wp-block-group-is-layout-constrained\">\n<div class=\"wp-block-simplybook-widget\"><\/div>\n<\/div>\n<\/div>\n\n<div class=\"wp-block-group alignfull is-style-ext-preset--group--natural-1--section has-background-background-color has-background has-global-padding is-layout-constrained wp-container-core-group-is-layout-f72f1611 wp-block-group-is-layout-constrained\" id=\"galeria\" style=\"margin-top:0;margin-bottom:0;padding-top:var(--wp--preset--spacing--70);padding-bottom:var(--wp--preset--spacing--70)\">\n<div class=\"wp-block-group alignwide is-vertical is-layout-flex wp-container-core-group-is-layout-c35747d5 wp-block-group-is-layout-flex\">\n<div class=\"wp-block-group has-global-padding is-layout-constrained wp-container-core-group-is-layout-5e05634a wp-block-group-is-layout-constrained\">\n<h2 class=\"wp-block-heading\">Przytulne apartamenty z malowniczym widokiem na jezioro<\/h2>\n\n\n\n<p class=\"has-text-align-left\">Tutaj znajdziesz galeri\u0119 zdj\u0119\u0107, kt\u00f3re oddaj\u0105 urok i wyj\u0105tkow\u0105 atmosfer\u0119 Go\u015bci\u0144ca Schonberg.<\/p>\n<\/div>\n<\/div>\n\n\n\n<div class=\"wp-block-columns alignwide are-vertically-aligned-top is-layout-flex wp-container-core-columns-is-layout-87beb0d0 wp-block-columns-is-layout-flex\">\n<div class=\"wp-block-column is-vertically-aligned-top is-layout-flow wp-container-core-column-is-layout-f5bb311e wp-block-column-is-layout-flow\">\n<figure class=\"wp-block-image is-style-ext-preset--image--natural-1--image-1--content-top is-style-ext-preset--image--natural-1--image-1--content-top--8\"><img loading=\"lazy\" decoding=\"async\" width=\"1440\" height=\"1079\" class=\"wp-image-55\" src=\"https:\/\/schonberg.pl\/wp-content\/uploads\/2026\/01\/97e012d92b6d3a05a81b72e0eac13079a8e11665.jpg\" alt=\"\" style=\"aspect-ratio:1;object-fit:cover\" srcset=\"https:\/\/schonberg.pl\/wp-content\/uploads\/2026\/01\/97e012d92b6d3a05a81b72e0eac13079a8e11665.jpg 1440w, https:\/\/schonberg.pl\/wp-content\/uploads\/2026\/01\/97e012d92b6d3a05a81b72e0eac13079a8e11665-300x225.jpg 300w, https:\/\/schonberg.pl\/wp-content\/uploads\/2026\/01\/97e012d92b6d3a05a81b72e0eac13079a8e11665-1024x767.jpg 1024w, https:\/\/schonberg.pl\/wp-content\/uploads\/2026\/01\/97e012d92b6d3a05a81b72e0eac13079a8e11665-768x575.jpg 768w, https:\/\/schonberg.pl\/wp-content\/uploads\/2026\/01\/97e012d92b6d3a05a81b72e0eac13079a8e11665-16x12.jpg 16w\" sizes=\"auto, (max-width: 1440px) 100vw, 1440px\" \/><\/figure>\n\n\n\n<figure class=\"wp-block-image is-style-ext-preset--image--natural-1--image-1--content-top is-style-ext-preset--image--natural-1--image-1--content-top--9\"><img loading=\"lazy\" decoding=\"async\" width=\"1440\" height=\"876\" class=\"wp-image-59\" src=\"https:\/\/schonberg.pl\/wp-content\/uploads\/2026\/01\/d77792542c4c42a1fe9a30d93e91502eac11acc5.jpg\" alt=\"\" style=\"aspect-ratio:1;object-fit:cover\" srcset=\"https:\/\/schonberg.pl\/wp-content\/uploads\/2026\/01\/d77792542c4c42a1fe9a30d93e91502eac11acc5.jpg 1440w, https:\/\/schonberg.pl\/wp-content\/uploads\/2026\/01\/d77792542c4c42a1fe9a30d93e91502eac11acc5-300x183.jpg 300w, https:\/\/schonberg.pl\/wp-content\/uploads\/2026\/01\/d77792542c4c42a1fe9a30d93e91502eac11acc5-1024x623.jpg 1024w, https:\/\/schonberg.pl\/wp-content\/uploads\/2026\/01\/d77792542c4c42a1fe9a30d93e91502eac11acc5-768x467.jpg 768w, https:\/\/schonberg.pl\/wp-content\/uploads\/2026\/01\/d77792542c4c42a1fe9a30d93e91502eac11acc5-18x12.jpg 18w\" sizes=\"auto, (max-width: 1440px) 100vw, 1440px\" \/><\/figure>\n<\/div>\n\n\n\n<div class=\"wp-block-column is-vertically-aligned-top is-layout-flow wp-container-core-column-is-layout-f5bb311e wp-block-column-is-layout-flow\">\n<figure class=\"wp-block-image is-style-ext-preset--image--natural-1--image-1--content-top is-style-ext-preset--image--natural-1--image-1--content-top--10\"><img loading=\"lazy\" decoding=\"async\" width=\"1440\" height=\"968\" class=\"wp-image-66\" src=\"https:\/\/schonberg.pl\/wp-content\/uploads\/2026\/01\/ecc9181566b672f9a3c7d6f2af41eb804b83a723.jpg\" alt=\"\" style=\"aspect-ratio:1;object-fit:cover\" srcset=\"https:\/\/schonberg.pl\/wp-content\/uploads\/2026\/01\/ecc9181566b672f9a3c7d6f2af41eb804b83a723.jpg 1440w, https:\/\/schonberg.pl\/wp-content\/uploads\/2026\/01\/ecc9181566b672f9a3c7d6f2af41eb804b83a723-300x202.jpg 300w, https:\/\/schonberg.pl\/wp-content\/uploads\/2026\/01\/ecc9181566b672f9a3c7d6f2af41eb804b83a723-1024x688.jpg 1024w, https:\/\/schonberg.pl\/wp-content\/uploads\/2026\/01\/ecc9181566b672f9a3c7d6f2af41eb804b83a723-768x516.jpg 768w, https:\/\/schonberg.pl\/wp-content\/uploads\/2026\/01\/ecc9181566b672f9a3c7d6f2af41eb804b83a723-18x12.jpg 18w\" sizes=\"auto, (max-width: 1440px) 100vw, 1440px\" \/><\/figure>\n\n\n\n<figure class=\"wp-block-image is-style-ext-preset--image--natural-1--image-1--content-top is-style-ext-preset--image--natural-1--image-1--content-top--11\"><img loading=\"lazy\" decoding=\"async\" width=\"1440\" height=\"960\" class=\"wp-image-58\" src=\"https:\/\/schonberg.pl\/wp-content\/uploads\/2026\/01\/b243765166b25f8c5740daca63d5078bf6622ee5.jpg\" alt=\"\" style=\"aspect-ratio:1;object-fit:cover\" srcset=\"https:\/\/schonberg.pl\/wp-content\/uploads\/2026\/01\/b243765166b25f8c5740daca63d5078bf6622ee5.jpg 1440w, https:\/\/schonberg.pl\/wp-content\/uploads\/2026\/01\/b243765166b25f8c5740daca63d5078bf6622ee5-300x200.jpg 300w, https:\/\/schonberg.pl\/wp-content\/uploads\/2026\/01\/b243765166b25f8c5740daca63d5078bf6622ee5-1024x683.jpg 1024w, https:\/\/schonberg.pl\/wp-content\/uploads\/2026\/01\/b243765166b25f8c5740daca63d5078bf6622ee5-768x512.jpg 768w, https:\/\/schonberg.pl\/wp-content\/uploads\/2026\/01\/b243765166b25f8c5740daca63d5078bf6622ee5-18x12.jpg 18w\" sizes=\"auto, (max-width: 1440px) 100vw, 1440px\" \/><\/figure>\n<\/div>\n\n\n\n<div class=\"wp-block-column is-vertically-aligned-top is-layout-flow wp-container-core-column-is-layout-f5bb311e wp-block-column-is-layout-flow\">\n<figure class=\"wp-block-image is-style-ext-preset--image--natural-1--image-1--content-top is-style-ext-preset--image--natural-1--image-1--content-top--12\"><img loading=\"lazy\" decoding=\"async\" width=\"1440\" height=\"1080\" class=\"wp-image-54\" src=\"https:\/\/schonberg.pl\/wp-content\/uploads\/2026\/01\/95016d6eab89edfb25cb01fae0babb88e0709050.jpg\" alt=\"\" style=\"aspect-ratio:1;object-fit:cover\" srcset=\"https:\/\/schonberg.pl\/wp-content\/uploads\/2026\/01\/95016d6eab89edfb25cb01fae0babb88e0709050.jpg 1440w, https:\/\/schonberg.pl\/wp-content\/uploads\/2026\/01\/95016d6eab89edfb25cb01fae0babb88e0709050-300x225.jpg 300w, https:\/\/schonberg.pl\/wp-content\/uploads\/2026\/01\/95016d6eab89edfb25cb01fae0babb88e0709050-1024x768.jpg 1024w, https:\/\/schonberg.pl\/wp-content\/uploads\/2026\/01\/95016d6eab89edfb25cb01fae0babb88e0709050-768x576.jpg 768w, https:\/\/schonberg.pl\/wp-content\/uploads\/2026\/01\/95016d6eab89edfb25cb01fae0babb88e0709050-16x12.jpg 16w\" sizes=\"auto, (max-width: 1440px) 100vw, 1440px\" \/><\/figure>\n\n\n\n<figure class=\"wp-block-image is-style-ext-preset--image--natural-1--image-1--content-top is-style-ext-preset--image--natural-1--image-1--content-top--13\"><img loading=\"lazy\" decoding=\"async\" width=\"1440\" height=\"960\" class=\"wp-image-62\" src=\"https:\/\/schonberg.pl\/wp-content\/uploads\/2026\/01\/80de5829353a572ca01b7a5d1c51b17fdc22a182.jpg\" alt=\"\" style=\"aspect-ratio:1;object-fit:cover\" srcset=\"https:\/\/schonberg.pl\/wp-content\/uploads\/2026\/01\/80de5829353a572ca01b7a5d1c51b17fdc22a182.jpg 1440w, https:\/\/schonberg.pl\/wp-content\/uploads\/2026\/01\/80de5829353a572ca01b7a5d1c51b17fdc22a182-300x200.jpg 300w, https:\/\/schonberg.pl\/wp-content\/uploads\/2026\/01\/80de5829353a572ca01b7a5d1c51b17fdc22a182-1024x683.jpg 1024w, https:\/\/schonberg.pl\/wp-content\/uploads\/2026\/01\/80de5829353a572ca01b7a5d1c51b17fdc22a182-768x512.jpg 768w, https:\/\/schonberg.pl\/wp-content\/uploads\/2026\/01\/80de5829353a572ca01b7a5d1c51b17fdc22a182-18x12.jpg 18w\" sizes=\"auto, (max-width: 1440px) 100vw, 1440px\" \/><\/figure>\n<\/div>\n\n\n\n<div class=\"wp-block-column is-vertically-aligned-top is-layout-flow wp-container-core-column-is-layout-f5bb311e wp-block-column-is-layout-flow\">\n<figure class=\"wp-block-image is-style-ext-preset--image--natural-1--image-1--content-top is-style-ext-preset--image--natural-1--image-1--content-top--14\"><img loading=\"lazy\" decoding=\"async\" width=\"1440\" height=\"960\" class=\"wp-image-60\" src=\"https:\/\/schonberg.pl\/wp-content\/uploads\/2026\/01\/5ed5de3d73f73e9e4dfe9428ed21dd92732ea6ab.jpg\" alt=\"\" style=\"aspect-ratio:1;object-fit:cover\" srcset=\"https:\/\/schonberg.pl\/wp-content\/uploads\/2026\/01\/5ed5de3d73f73e9e4dfe9428ed21dd92732ea6ab.jpg 1440w, https:\/\/schonberg.pl\/wp-content\/uploads\/2026\/01\/5ed5de3d73f73e9e4dfe9428ed21dd92732ea6ab-300x200.jpg 300w, https:\/\/schonberg.pl\/wp-content\/uploads\/2026\/01\/5ed5de3d73f73e9e4dfe9428ed21dd92732ea6ab-1024x683.jpg 1024w, https:\/\/schonberg.pl\/wp-content\/uploads\/2026\/01\/5ed5de3d73f73e9e4dfe9428ed21dd92732ea6ab-768x512.jpg 768w, https:\/\/schonberg.pl\/wp-content\/uploads\/2026\/01\/5ed5de3d73f73e9e4dfe9428ed21dd92732ea6ab-18x12.jpg 18w\" sizes=\"auto, (max-width: 1440px) 100vw, 1440px\" \/><\/figure>\n\n\n\n<figure class=\"wp-block-image is-style-ext-preset--image--natural-1--image-1--content-top is-style-ext-preset--image--natural-1--image-1--content-top--15\"><img loading=\"lazy\" decoding=\"async\" width=\"1440\" height=\"960\" class=\"wp-image-73\" src=\"https:\/\/schonberg.pl\/wp-content\/uploads\/2026\/01\/cbee64d6cfbf50e6f62b9e056b7f929e8ce8d76b.jpg\" alt=\"\" style=\"aspect-ratio:1;object-fit:cover\" srcset=\"https:\/\/schonberg.pl\/wp-content\/uploads\/2026\/01\/cbee64d6cfbf50e6f62b9e056b7f929e8ce8d76b.jpg 1440w, https:\/\/schonberg.pl\/wp-content\/uploads\/2026\/01\/cbee64d6cfbf50e6f62b9e056b7f929e8ce8d76b-300x200.jpg 300w, https:\/\/schonberg.pl\/wp-content\/uploads\/2026\/01\/cbee64d6cfbf50e6f62b9e056b7f929e8ce8d76b-1024x683.jpg 1024w, https:\/\/schonberg.pl\/wp-content\/uploads\/2026\/01\/cbee64d6cfbf50e6f62b9e056b7f929e8ce8d76b-768x512.jpg 768w, https:\/\/schonberg.pl\/wp-content\/uploads\/2026\/01\/cbee64d6cfbf50e6f62b9e056b7f929e8ce8d76b-18x12.jpg 18w\" sizes=\"auto, (max-width: 1440px) 100vw, 1440px\" \/><\/figure>\n<\/div>\n<\/div>\n<\/div>","protected":false},"excerpt":{"rendered":"<p>Odkryj wyj\u0105tkowe apartamenty nad jeziorem Szymbarskim Prezentujemy szerok\u0105 gam\u0119 us\u0142ug, kt\u00f3re gwarantuj\u0105 komfort i pe\u0142ne zadowolenie go\u015bci. Komfortowe apartamenty z \u0142azienkami Zapewniamy przestrze\u0144 i wygod\u0119, idealne na rodzinny wypoczynek lub romantyczny weekend. Dost\u0119p do jeziora i prywatnego pomostu Oferujemy bezpo\u015bredni dost\u0119p do wody, by ka\u017cdy m\u00f3g\u0142 cieszy\u0107 si\u0119 urokami jeziora. Rezerwacja online i elastyczne terminy [&hellip;]<\/p>\n","protected":false},"author":1,"featured_media":0,"parent":0,"menu_order":0,"comment_status":"closed","ping_status":"closed","template":"page-with-title","meta":{"_monsterinsights_skip_tracking":false,"_monsterinsights_sitenote_active":false,"_monsterinsights_sitenote_note":"","_monsterinsights_sitenote_category":0,"footnotes":""},"class_list":["post-21","page","type-page","status-publish","hentry"],"aioseo_notices":[],"_links":{"self":[{"href":"https:\/\/schonberg.pl\/en\/wp-json\/wp\/v2\/pages\/21","targetHints":{"allow":["GET"]}}],"collection":[{"href":"https:\/\/schonberg.pl\/en\/wp-json\/wp\/v2\/pages"}],"about":[{"href":"https:\/\/schonberg.pl\/en\/wp-json\/wp\/v2\/types\/page"}],"author":[{"embeddable":true,"href":"https:\/\/schonberg.pl\/en\/wp-json\/wp\/v2\/users\/1"}],"replies":[{"embeddable":true,"href":"https:\/\/schonberg.pl\/en\/wp-json\/wp\/v2\/comments?post=21"}],"version-history":[{"count":1,"href":"https:\/\/schonberg.pl\/en\/wp-json\/wp\/v2\/pages\/21\/revisions"}],"predecessor-version":[{"id":74,"href":"https:\/\/schonberg.pl\/en\/wp-json\/wp\/v2\/pages\/21\/revisions\/74"}],"wp:attachment":[{"href":"https:\/\/schonberg.pl\/en\/wp-json\/wp\/v2\/media?parent=21"}],"curies":[{"name":"wp","href":"https:\/\/api.w.org\/{rel}","templated":true}]}}